{"id":5,"date":"2020-03-01T14:28:57","date_gmt":"2020-03-01T12:28:57","guid":{"rendered":"http:\/\/edutictac.es\/tafol\/?page_id=2"},"modified":"2025-02-27T07:05:01","modified_gmt":"2025-02-27T06:05:01","slug":"quisoc","status":"publish","type":"page","link":"https:\/\/edutictac.es\/blog\/tafol\/quisoc\/","title":{"rendered":"Quant a&#8230;"},"content":{"rendered":"\n<p>Aquest \u00e9s un blog personal de T\u00e0fol Nebot. Professor d&#8217;educaci\u00f3 secund\u00e0ria i <em>biciclista<\/em>. Castell\u00f3 de la Plana, Pa\u00eds Valenci\u00e0. <\/p>\n\n\n\n<p>Free Software &amp; free cultural works activist. Free as in &#8220;free speech&#8221;, not as in &#8220;free beer&#8221;<br><em>(Activista pel programari lliure i la cultura lliure. Lliure com a &#8220;llibertat d&#8217;expressi\u00f3&#8221;, no com a &#8220;cervesa gratis&#8221;)<\/em><\/p>\n","protected":false},"excerpt":{"rendered":"<p>Aquest \u00e9s un blog personal de T\u00e0fol Nebot. Professor d&#8217;educaci\u00f3 secund\u00e0ria i biciclista. Castell\u00f3 de la Plana, Pa\u00eds Valenci\u00e0. Free Software &amp; free cultural works activist. Free as in &#8220;free speech&#8221;, not as in &#8220;free beer&#8221;(Activista pel programari lliure i la cultura lliure. Lliure com a &#8220;llibertat d&#8217;expressi\u00f3&#8221;, no com a &#8220;cervesa gratis&#8221;)<\/p>\n","protected":false},"author":4,"featured_media":264,"parent":0,"menu_order":0,"comment_status":"closed","ping_status":"open","template":"","meta":{"footnotes":""},"class_list":["post-5","page","type-page","status-publish","has-post-thumbnail"],"_links":{"self":[{"href":"https:\/\/edutictac.es\/blog\/tafol\/wp-json\/wp\/v2\/pages\/5","targetHints":{"allow":["GET"]}}],"collection":[{"href":"https:\/\/edutictac.es\/blog\/tafol\/wp-json\/wp\/v2\/pages"}],"about":[{"href":"https:\/\/edutictac.es\/blog\/tafol\/wp-json\/wp\/v2\/types\/page"}],"author":[{"embeddable":true,"href":"https:\/\/edutictac.es\/blog\/tafol\/wp-json\/wp\/v2\/users\/4"}],"replies":[{"embeddable":true,"href":"https:\/\/edutictac.es\/blog\/tafol\/wp-json\/wp\/v2\/comments?post=5"}],"version-history":[{"count":1,"href":"https:\/\/edutictac.es\/blog\/tafol\/wp-json\/wp\/v2\/pages\/5\/revisions"}],"predecessor-version":[{"id":265,"href":"https:\/\/edutictac.es\/blog\/tafol\/wp-json\/wp\/v2\/pages\/5\/revisions\/265"}],"wp:featuredmedia":[{"embeddable":true,"href":"https:\/\/edutictac.es\/blog\/tafol\/wp-json\/wp\/v2\/media\/264"}],"wp:attachment":[{"href":"https:\/\/edutictac.es\/blog\/tafol\/wp-json\/wp\/v2\/media?parent=5"}],"curies":[{"name":"wp","href":"https:\/\/api.w.org\/{rel}","templated":true}]}}