{"id":1018,"date":"2020-04-06T21:41:21","date_gmt":"2020-04-06T20:41:21","guid":{"rendered":"https:\/\/bibliojocs.edutictac.es\/?page_id=1018"},"modified":"2020-04-06T21:41:21","modified_gmt":"2020-04-06T20:41:21","slug":"mobil-valencia-primaria","status":"publish","type":"page","link":"https:\/\/edutictac.es\/blog\/bibliojocs\/mobil-valencia-primaria\/","title":{"rendered":"M\u00f2bil valenci\u00e0 prim\u00e0ria"},"content":{"rendered":"<section class=\"widget widget_flex-posts-list\"><div class=\"fp-row fp-list-2 fp-flex\">\n\n\t\n\t\t\n\t\t<div class=\"fp-col fp-post\">\n\t\t\t\t\t<div class=\"fp-media\">\n\t\t\t<a class=\"fp-thumbnail\" href=\"https:\/\/edutictac.es\/blog\/bibliojocs\/jclic\/\">\n\t\t\t\t\t\t\t\t\t<img loading=\"lazy\" decoding=\"async\" width=\"164\" height=\"192\" src=\"https:\/\/edutictac.es\/blog\/bibliojocs\/wp-content\/uploads\/sites\/2\/2020\/01\/curso2-2.gif\" class=\"attachment-400x250-crop size-400x250-crop wp-post-image\" alt=\"\" \/>\t\t\t\t\t\t\t<\/a>\n\t\t\t\t\t<\/div>\n\t\t\n\t\t\t<div class=\"fp-body\">\n\t\t\t\t\n\t\t\t\t\t\t<h4 class=\"fp-title\">\n\t\t\t<a href=\"https:\/\/edutictac.es\/blog\/bibliojocs\/jclic\/\">JClic<\/a>\n\t\t<\/h4>\n\t\t\n\t\t\t\t<div class=\"fp-meta\">\n\t\t\t\t\t\t\t\t\t<\/div>\n\n\t\t\t\t\n\t\t\t\t\t\t\t<\/div>\n\t\t<\/div>\n\n\t\n\t<div class=\"fp-col\"><\/div>\n\t<div class=\"fp-col\"><\/div>\n\n<\/div>\n<\/section>","protected":false},"excerpt":{"rendered":"","protected":false},"author":2,"featured_media":0,"parent":0,"menu_order":0,"comment_status":"closed","ping_status":"closed","template":"","meta":{"footnotes":""},"class_list":["post-1018","page","type-page","status-publish","hentry"],"blocksy_meta":[],"_links":{"self":[{"href":"https:\/\/edutictac.es\/blog\/bibliojocs\/wp-json\/wp\/v2\/pages\/1018","targetHints":{"allow":["GET"]}}],"collection":[{"href":"https:\/\/edutictac.es\/blog\/bibliojocs\/wp-json\/wp\/v2\/pages"}],"about":[{"href":"https:\/\/edutictac.es\/blog\/bibliojocs\/wp-json\/wp\/v2\/types\/page"}],"author":[{"embeddable":true,"href":"https:\/\/edutictac.es\/blog\/bibliojocs\/wp-json\/wp\/v2\/users\/2"}],"replies":[{"embeddable":true,"href":"https:\/\/edutictac.es\/blog\/bibliojocs\/wp-json\/wp\/v2\/comments?post=1018"}],"version-history":[{"count":0,"href":"https:\/\/edutictac.es\/blog\/bibliojocs\/wp-json\/wp\/v2\/pages\/1018\/revisions"}],"wp:attachment":[{"href":"https:\/\/edutictac.es\/blog\/bibliojocs\/wp-json\/wp\/v2\/media?parent=1018"}],"curies":[{"name":"wp","href":"https:\/\/api.w.org\/{rel}","templated":true}]}}